{"id":1203,"date":"2016-09-05T19:26:14","date_gmt":"2016-09-05T19:26:14","guid":{"rendered":"http:\/\/demos.famethemes.com\/screenr-plus\/?page_id=8"},"modified":"2023-05-09T12:01:34","modified_gmt":"2023-05-09T12:01:34","slug":"about","status":"publish","type":"page","link":"https:\/\/www.domekuwieslawa.pl\/index.php\/about\/","title":{"rendered":"O nas"},"content":{"rendered":"\n<div class=\"is-layout-flex wp-container-2 wp-block-columns\">\n<div class=\"is-layout-flow wp-block-column\" style=\"flex-basis:100%\">\n<p class=\"has-text-align-center has-text-color has-large-font-size\" style=\"color:#444444\"><strong>NOCLEGI RUCIANE NIDA<\/strong><\/p>\n\n\n\n<p><\/p>\n\n\n\n<p>Serdecznie zapraszamy do malowniczej miejscowo\u015bci Ruciane-Nida po\u0142o\u017conej na szlaku Wielkich Jezior Mazurskich.<\/p>\n\n\n\n<p>Oferujemy wynajem w pe\u0142ni wyposa\u017conych segment\u00f3w znajduj\u0105cych si\u0119 w letnim Bungalowie, na prywatnej posesji Osiedla Dyb\u00f3wek.<br>Ka\u017cdy z nich posiada osobne wej\u015bcie z miejscem na grilla.<br>Jest to doskona\u0142a opcja na relaksuj\u0105cy, rodzinny wypoczynek, blisko las\u00f3w Puszczy Piskiej. W okolicy znajduj\u0105 si\u0119 liczne pla\u017ce, co jest dodatkowym atutem.<\/p>\n<\/div>\n<\/div>\n\n\n\n<figure class=\"wp-block-image size-large is-style-default\"><img decoding=\"async\" loading=\"lazy\" width=\"1024\" height=\"460\" src=\"https:\/\/www.domekuwieslawa.pl\/wp-content\/uploads\/2023\/02\/WhatsApp-Image-2023-02-01-at-11.39.14-1024x460.jpeg\" alt=\"\" class=\"wp-image-1216\" srcset=\"https:\/\/www.domekuwieslawa.pl\/wp-content\/uploads\/2023\/02\/WhatsApp-Image-2023-02-01-at-11.39.14-1024x460.jpeg 1024w, https:\/\/www.domekuwieslawa.pl\/wp-content\/uploads\/2023\/02\/WhatsApp-Image-2023-02-01-at-11.39.14-300x135.jpeg 300w, https:\/\/www.domekuwieslawa.pl\/wp-content\/uploads\/2023\/02\/WhatsApp-Image-2023-02-01-at-11.39.14-768x345.jpeg 768w, https:\/\/www.domekuwieslawa.pl\/wp-content\/uploads\/2023\/02\/WhatsApp-Image-2023-02-01-at-11.39.14-1536x690.jpeg 1536w, https:\/\/www.domekuwieslawa.pl\/wp-content\/uploads\/2023\/02\/WhatsApp-Image-2023-02-01-at-11.39.14.jpeg 1600w\" sizes=\"(max-width: 1024px) 100vw, 1024px\" \/><\/figure>\n\n\n\n<p><\/p>\n\n\n\n<p>Posiadamy nast\u0119puj\u0105ce segmenty:<\/p>\n\n\n\n<div class=\"is-layout-flex wp-container-4 wp-block-columns\">\n<div class=\"is-layout-flow wp-block-column\" style=\"flex-basis:100%\">\n<ul>\n<li><strong>Segment I<\/strong><br>52 m\u00b2<br>4-osobowy z mo\u017cliwo\u015bci\u0105 wstawienia dodatkowej dostawki dla 5 osoby. Posiada klimatyzacj\u0119.<br>Dwie sypialnie 2-osobowe na pi\u0119trze, ka\u017cda z osobnymi \u0142\u00f3\u017ckami.<\/li>\n\n\n\n<li><strong>Segment II<\/strong><br>52 m<b>\u00b2<\/b><br>4-osobowy z mo\u017cliwo\u015bci\u0105 wstawienia dodatkowej dostawki dla 5 osoby. Posiada klimatyzacj\u0119.<br>Dwie sypialnie 2-osobowe na pi\u0119trze, ka\u017cda z osobnymi \u0142\u00f3\u017ckami.<\/li>\n\n\n\n<li><strong>Segment III<\/strong><br>25 m<b>\u00b2<\/b><br>2-osobowy z mo\u017cliwo\u015bci\u0105 wstawienia dodatkowej dostawki dla 3 osoby.<br>Pok\u00f3j z dwoma osobnymi \u0142\u00f3\u017ckami.<\/li>\n<\/ul>\n<\/div>\n<\/div>\n\n\n\n<p>Segmenty I i II posiadaj\u0105 na parterze jadalni\u0119 z aneksem kuchennym i telewizorem oraz \u0142azienk\u0119.<br>Segment III posiada jeden pok\u00f3j pe\u0142ni\u0105cy funkcj\u0119 sypialnego oraz aneks kuchenny.<br>Aneksy kuchenne s\u0105 w pe\u0142ni wyposa\u017cone oraz przystosowane do codziennego u\u017cytku. W \u0142azienkach znajduje si\u0119 prysznic, zlew oraz toaleta.<\/p>\n","protected":false},"excerpt":{"rendered":"<p>NOCLEGI RUCIANE NIDA Serdecznie zapraszamy do malowniczej miejscowo\u015bci Ruciane-Nida po\u0142o\u017conej na szlaku Wielkich Jezior Mazurskich. Oferujemy wynajem w pe\u0142ni wyposa\u017conych segment\u00f3w znajduj\u0105cych si\u0119 w letnim Bungalowie, na prywatnej posesji Osiedla Dyb\u00f3wek.Ka\u017cdy z nich posiada osobne wej\u015bcie z miejscem na grilla.Jest to doskona\u0142a opcja na relaksuj\u0105cy, rodzinny wypoczynek, blisko las\u00f3w Puszczy&#8230;<\/p>\n","protected":false},"author":2,"featured_media":0,"parent":0,"menu_order":0,"comment_status":"closed","ping_status":"closed","template":"","meta":{"inline_featured_image":false},"_links":{"self":[{"href":"https:\/\/www.domekuwieslawa.pl\/index.php\/wp-json\/wp\/v2\/pages\/1203"}],"collection":[{"href":"https:\/\/www.domekuwieslawa.pl\/index.php\/wp-json\/wp\/v2\/pages"}],"about":[{"href":"https:\/\/www.domekuwieslawa.pl\/index.php\/wp-json\/wp\/v2\/types\/page"}],"author":[{"embeddable":true,"href":"https:\/\/www.domekuwieslawa.pl\/index.php\/wp-json\/wp\/v2\/users\/2"}],"replies":[{"embeddable":true,"href":"https:\/\/www.domekuwieslawa.pl\/index.php\/wp-json\/wp\/v2\/comments?post=1203"}],"version-history":[{"count":7,"href":"https:\/\/www.domekuwieslawa.pl\/index.php\/wp-json\/wp\/v2\/pages\/1203\/revisions"}],"predecessor-version":[{"id":1312,"href":"https:\/\/www.domekuwieslawa.pl\/index.php\/wp-json\/wp\/v2\/pages\/1203\/revisions\/1312"}],"wp:attachment":[{"href":"https:\/\/www.domekuwieslawa.pl\/index.php\/wp-json\/wp\/v2\/media?parent=1203"}],"curies":[{"name":"wp","href":"https:\/\/api.w.org\/{rel}","templated":true}]}}